{"id":19592,"date":"2025-06-03T12:42:45","date_gmt":"2025-06-03T09:42:45","guid":{"rendered":"https:\/\/diagnozabam.ro\/sfaturi\/?page_id=19592"},"modified":"2026-02-10T08:29:16","modified_gmt":"2026-02-10T06:29:16","slug":"despre-noi","status":"publish","type":"page","link":"https:\/\/diagnozabam.ro\/sfaturi\/ro\/despre-noi\/","title":{"rendered":"Despre autor \u2013 Bejenaru Alexandru Ionu\u021b"},"content":{"rendered":"\r\n<p data-start=\"1228\" data-end=\"1445\"><strong data-start=\"1228\" data-end=\"1256\">Bejenaru Alexandru Ionu\u021b<\/strong> este autor \u0219i coordonator editorial al publica\u021biei online DiagnozaBAM.ro, specializat\u0103 \u00een analiz\u0103 tehnic\u0103 auto, diagnoz\u0103 electronic\u0103 \u0219i tehnologii emergente din domeniul mobilit\u0103\u021bii \u0219i IT.<\/p>\r\n<p data-start=\"1447\" data-end=\"1681\">Proiectul DiagnozaBAM.ro a fost creat din necesitatea de a oferi explica\u021bii clare, aplicate \u0219i u\u0219or de \u00een\u021beles pentru sisteme auto moderne \u0219i tehnologii complexe, \u00eentr-un spa\u021biu editorial independent \u0219i lipsit de influen\u021be comerciale.<\/p>\r\n<p data-start=\"1683\" data-end=\"1795\">\u00cen cadrul platformei, autorul public\u0103 articole documentate \u0219i bazate pe experien\u021b\u0103 practic\u0103 real\u0103, printre care:<\/p>\r\n<ul data-start=\"1797\" data-end=\"2208\">\r\n<li data-start=\"1797\" data-end=\"1872\">\r\n<p data-start=\"1799\" data-end=\"1872\">ghiduri de diagnoz\u0103 OBD2 pentru m\u0103rci precum Opel, VW, Renault \u0219i altele;<\/p>\r\n<\/li>\r\n<li data-start=\"1873\" data-end=\"1966\">\r\n<p data-start=\"1875\" data-end=\"1966\">articole tehnice despre sisteme electronice auto (ECU\/ECM, CAN, senzori, relee, siguran\u021be);<\/p>\r\n<\/li>\r\n<li data-start=\"1967\" data-end=\"2035\">\r\n<p data-start=\"1969\" data-end=\"2035\">analize \u0219i explica\u021bii despre retrofituri auto \u0219i func\u021bii avansate;<\/p>\r\n<\/li>\r\n<li data-start=\"2036\" data-end=\"2142\">\r\n<p data-start=\"2038\" data-end=\"2142\">articole tech despre <a href=\"https:\/\/diagnozabam.ro\/sfaturi\/ro\/blog\/autonomie-masini-electrice-2026-ce-modele-conduc-topul\/\">baterii<\/a>, combustibili alternativi, inteligen\u021b\u0103 artificial\u0103 \u0219i tehnologii emergente;<\/p>\r\n<\/li>\r\n<li data-start=\"2143\" data-end=\"2208\">\r\n<p data-start=\"2145\" data-end=\"2208\">proiecte DIY \u0219i lifestyle tehnic, bazate pe experien\u021b\u0103 direct\u0103.<\/p>\r\n<\/li>\r\n<\/ul>\r\n<p data-start=\"2210\" data-end=\"2422\">Activitatea editorial\u0103 este orientat\u0103 c\u0103tre furnizarea de informa\u021bii verificate, utile \u0219i aplicabile, adresate at\u00e2t utilizatorilor finali, c\u00e2t \u0219i pasiona\u021bilor sau profesioni\u0219tilor din domeniul auto \u0219i tehnologic.<\/p>\r\n<p data-start=\"2424\" data-end=\"2541\">\ud83d\udcec <strong data-start=\"2427\" data-end=\"2444\">Contact autor<\/strong><br data-start=\"2444\" data-end=\"2447\" \/>Email: <a class=\"decorated-link cursor-pointer\" rel=\"noopener\" data-start=\"2454\" data-end=\"2480\">alexandrualex228@gmail.com<\/a><br data-start=\"2480\" data-end=\"2483\" \/>Pagina de contact: <a class=\"decorated-link\" href=\"https:\/\/diagnozabam.ro\/sfaturi\/contact\/\" target=\"_new\" rel=\"noopener\" data-start=\"2502\" data-end=\"2541\">https:\/\/diagnozabam.ro\/sfaturi\/contact\/<\/a><\/p>\r\n<p data-start=\"2543\" data-end=\"2672\">\ud83d\udcdd <strong data-start=\"2546\" data-end=\"2568\">Articole publicate<\/strong><br data-start=\"2568\" data-end=\"2571\" \/>\u2013 Vezi toate articolele din sec\u021biunea Auto<br data-start=\"2613\" data-end=\"2616\" \/>\u2013 Vezi toate articolele din sec\u021biunea Tech &amp; Lifestyle<\/p>\r\n<p data-start=\"2674\" data-end=\"2761\"><strong data-start=\"2674\" data-end=\"2697\">Editor responsabil:<\/strong> Bejenaru Alexandru Ionu\u021b \u2013 coordonator editorial DiagnozaBAM.ro<\/p>\r\n","protected":false},"excerpt":{"rendered":"<p>Bejenaru Alexandru Ionu\u021b este autor \u0219i coordonator editorial al publica\u021biei online DiagnozaBAM.ro, specializat\u0103 \u00een analiz\u0103 tehnic\u0103 auto, diagnoz\u0103 electronic\u0103 \u0219i tehnologii emergente din domeniul mobilit\u0103\u021bii \u0219i IT. Proiectul DiagnozaBAM.ro a fost creat din necesitatea de a oferi explica\u021bii clare, aplicate \u0219i u\u0219or de \u00een\u021beles pentru sisteme auto moderne \u0219i tehnologii complexe, \u00eentr-un spa\u021biu editorial independent [&hellip;]<\/p>\n","protected":false},"author":1,"featured_media":0,"parent":0,"menu_order":0,"comment_status":"closed","ping_status":"closed","template":"","meta":{"_sitemap_exclude":false,"_sitemap_priority":"","_sitemap_frequency":"","footnotes":""},"class_list":["post-19592","page","type-page","status-publish","hentry"],"yoast_head":"<!-- This site is optimized with the Yoast SEO Premium plugin v26.2 (Yoast SEO v27.4) - https:\/\/yoast.com\/product\/yoast-seo-premium-wordpress\/ -->\n<title>Despre autor \u2013 Bejenaru Alexandru Ionu\u021b - Diagnoza BAM<\/title>\n<meta name=\"robots\" content=\"index, follow, max-snippet:-1, max-image-preview:large, max-video-preview:-1\" \/>\n<link rel=\"canonical\" href=\"https:\/\/diagnozabam.ro\/sfaturi\/ro\/despre-noi\/\" \/>\n<meta property=\"og:locale\" content=\"ro_RO\" \/>\n<meta property=\"og:type\" content=\"article\" \/>\n<meta property=\"og:title\" content=\"Despre autor \u2013 Bejenaru Alexandru Ionu\u021b\" \/>\n<meta property=\"og:description\" content=\"Bejenaru Alexandru Ionu\u021b este autor \u0219i coordonator editorial al publica\u021biei online DiagnozaBAM.ro, specializat\u0103 \u00een analiz\u0103 tehnic\u0103 auto, diagnoz\u0103 electronic\u0103 \u0219i tehnologii emergente din domeniul mobilit\u0103\u021bii \u0219i IT. Proiectul DiagnozaBAM.ro a fost creat din necesitatea de a oferi explica\u021bii clare, aplicate \u0219i u\u0219or de \u00een\u021beles pentru sisteme auto moderne \u0219i tehnologii complexe, \u00eentr-un spa\u021biu editorial independent [&hellip;]\" \/>\n<meta property=\"og:url\" content=\"https:\/\/diagnozabam.ro\/sfaturi\/ro\/despre-noi\/\" \/>\n<meta property=\"og:site_name\" content=\"Diagnoza BAM\" \/>\n<meta property=\"article:publisher\" content=\"https:\/\/www.facebook.com\/diagnozabam\" \/>\n<meta property=\"article:modified_time\" content=\"2026-02-10T06:29:16+00:00\" \/>\n<meta property=\"og:image\" content=\"https:\/\/diagnozabam.ro\/sfaturi\/wp-content\/uploads\/2025\/11\/logo_diagnoza_bam_imagine-scaled.webp\" \/>\n\t<meta property=\"og:image:width\" content=\"2560\" \/>\n\t<meta property=\"og:image:height\" content=\"2560\" \/>\n\t<meta property=\"og:image:type\" content=\"image\/png\" \/>\n<meta name=\"twitter:card\" content=\"summary_large_image\" \/>\n<meta name=\"twitter:label1\" content=\"Timp estimat pentru citire\" \/>\n\t<meta name=\"twitter:data1\" content=\"2 minute\" \/>\n<script type=\"application\/ld+json\" class=\"yoast-schema-graph\">{\"@context\":\"https:\\\/\\\/schema.org\",\"@graph\":[{\"@type\":\"WebPage\",\"@id\":\"https:\\\/\\\/diagnozabam.ro\\\/sfaturi\\\/ro\\\/despre-noi\\\/\",\"url\":\"https:\\\/\\\/diagnozabam.ro\\\/sfaturi\\\/ro\\\/despre-noi\\\/\",\"name\":\"Despre autor \u2013 Bejenaru Alexandru Ionu\u021b - Diagnoza BAM\",\"isPartOf\":{\"@id\":\"https:\\\/\\\/diagnozabam.ro\\\/sfaturi\\\/#website\"},\"datePublished\":\"2025-06-03T09:42:45+00:00\",\"dateModified\":\"2026-02-10T06:29:16+00:00\",\"breadcrumb\":{\"@id\":\"https:\\\/\\\/diagnozabam.ro\\\/sfaturi\\\/ro\\\/despre-noi\\\/#breadcrumb\"},\"inLanguage\":\"ro-RO\",\"potentialAction\":[{\"@type\":\"ReadAction\",\"target\":[\"https:\\\/\\\/diagnozabam.ro\\\/sfaturi\\\/ro\\\/despre-noi\\\/\"]}]},{\"@type\":\"BreadcrumbList\",\"@id\":\"https:\\\/\\\/diagnozabam.ro\\\/sfaturi\\\/ro\\\/despre-noi\\\/#breadcrumb\",\"itemListElement\":[{\"@type\":\"ListItem\",\"position\":1,\"name\":\"Home\",\"item\":\"https:\\\/\\\/diagnozabam.ro\\\/sfaturi\\\/\"},{\"@type\":\"ListItem\",\"position\":2,\"name\":\"Despre autor \u2013 Bejenaru Alexandru Ionu\u021b\"}]},{\"@type\":\"WebSite\",\"@id\":\"https:\\\/\\\/diagnozabam.ro\\\/sfaturi\\\/#website\",\"url\":\"https:\\\/\\\/diagnozabam.ro\\\/sfaturi\\\/\",\"name\":\"Diagnoza BAM\",\"description\":\"Independent Auto Diagnostics, Tech Analysis and Smart Insights\",\"publisher\":{\"@id\":\"https:\\\/\\\/diagnozabam.ro\\\/sfaturi\\\/#organization\"},\"alternateName\":\"DBAM\",\"potentialAction\":[{\"@type\":\"SearchAction\",\"target\":{\"@type\":\"EntryPoint\",\"urlTemplate\":\"https:\\\/\\\/diagnozabam.ro\\\/sfaturi\\\/?s={search_term_string}\"},\"query-input\":{\"@type\":\"PropertyValueSpecification\",\"valueRequired\":true,\"valueName\":\"search_term_string\"}}],\"inLanguage\":\"ro-RO\"},{\"@type\":\"Organization\",\"@id\":\"https:\\\/\\\/diagnozabam.ro\\\/sfaturi\\\/#organization\",\"name\":\"Diagnoza BAM\",\"alternateName\":\"DBAM\",\"url\":\"https:\\\/\\\/diagnozabam.ro\\\/sfaturi\\\/\",\"logo\":{\"@type\":\"ImageObject\",\"inLanguage\":\"ro-RO\",\"@id\":\"https:\\\/\\\/diagnozabam.ro\\\/sfaturi\\\/#\\\/schema\\\/logo\\\/image\\\/\",\"url\":\"https:\\\/\\\/diagnozabam.ro\\\/sfaturi\\\/wp-content\\\/uploads\\\/2025\\\/11\\\/logo-diagnoza-bam-imagine.webp\",\"contentUrl\":\"https:\\\/\\\/diagnozabam.ro\\\/sfaturi\\\/wp-content\\\/uploads\\\/2025\\\/11\\\/logo-diagnoza-bam-imagine.webp\",\"width\":512,\"height\":512,\"caption\":\"Diagnoza BAM\"},\"image\":{\"@id\":\"https:\\\/\\\/diagnozabam.ro\\\/sfaturi\\\/#\\\/schema\\\/logo\\\/image\\\/\"},\"sameAs\":[\"https:\\\/\\\/www.facebook.com\\\/diagnozabam\",\"https:\\\/\\\/mastodon.social\\\/@diagnozabam\",\"https:\\\/\\\/bsky.app\\\/profile\\\/did:plc:f4cmgfa3nv33bch7p3wgwchr\",\"https:\\\/\\\/www.tumblr.com\\\/diagbam\"],\"description\":\"Independent publishing platform focused on automotive diagnostics, OBD2 analysis, repair cost breakdowns, technology insights and practical technical guides.\",\"email\":\"redactie@diagnozabam.ro\",\"foundingDate\":\"2023-02-16\"}]}<\/script>\n<!-- \/ Yoast SEO Premium plugin. -->","yoast_head_json":{"title":"Despre autor \u2013 Bejenaru Alexandru Ionu\u021b - Diagnoza BAM","robots":{"index":"index","follow":"follow","max-snippet":"max-snippet:-1","max-image-preview":"max-image-preview:large","max-video-preview":"max-video-preview:-1"},"canonical":"https:\/\/diagnozabam.ro\/sfaturi\/ro\/despre-noi\/","og_locale":"ro_RO","og_type":"article","og_title":"Despre autor \u2013 Bejenaru Alexandru Ionu\u021b","og_description":"Bejenaru Alexandru Ionu\u021b este autor \u0219i coordonator editorial al publica\u021biei online DiagnozaBAM.ro, specializat\u0103 \u00een analiz\u0103 tehnic\u0103 auto, diagnoz\u0103 electronic\u0103 \u0219i tehnologii emergente din domeniul mobilit\u0103\u021bii \u0219i IT. Proiectul DiagnozaBAM.ro a fost creat din necesitatea de a oferi explica\u021bii clare, aplicate \u0219i u\u0219or de \u00een\u021beles pentru sisteme auto moderne \u0219i tehnologii complexe, \u00eentr-un spa\u021biu editorial independent [&hellip;]","og_url":"https:\/\/diagnozabam.ro\/sfaturi\/ro\/despre-noi\/","og_site_name":"Diagnoza BAM","article_publisher":"https:\/\/www.facebook.com\/diagnozabam","article_modified_time":"2026-02-10T06:29:16+00:00","og_image":[{"width":2560,"height":2560,"url":"https:\/\/diagnozabam.ro\/sfaturi\/wp-content\/uploads\/2025\/11\/logo_diagnoza_bam_imagine-scaled.webp","type":"image\/png"}],"twitter_card":"summary_large_image","twitter_misc":{"Timp estimat pentru citire":"2 minute"},"schema":{"@context":"https:\/\/schema.org","@graph":[{"@type":"WebPage","@id":"https:\/\/diagnozabam.ro\/sfaturi\/ro\/despre-noi\/","url":"https:\/\/diagnozabam.ro\/sfaturi\/ro\/despre-noi\/","name":"Despre autor \u2013 Bejenaru Alexandru Ionu\u021b - Diagnoza BAM","isPartOf":{"@id":"https:\/\/diagnozabam.ro\/sfaturi\/#website"},"datePublished":"2025-06-03T09:42:45+00:00","dateModified":"2026-02-10T06:29:16+00:00","breadcrumb":{"@id":"https:\/\/diagnozabam.ro\/sfaturi\/ro\/despre-noi\/#breadcrumb"},"inLanguage":"ro-RO","potentialAction":[{"@type":"ReadAction","target":["https:\/\/diagnozabam.ro\/sfaturi\/ro\/despre-noi\/"]}]},{"@type":"BreadcrumbList","@id":"https:\/\/diagnozabam.ro\/sfaturi\/ro\/despre-noi\/#breadcrumb","itemListElement":[{"@type":"ListItem","position":1,"name":"Home","item":"https:\/\/diagnozabam.ro\/sfaturi\/"},{"@type":"ListItem","position":2,"name":"Despre autor \u2013 Bejenaru Alexandru Ionu\u021b"}]},{"@type":"WebSite","@id":"https:\/\/diagnozabam.ro\/sfaturi\/#website","url":"https:\/\/diagnozabam.ro\/sfaturi\/","name":"Diagnoza BAM","description":"Independent Auto Diagnostics, Tech Analysis and Smart Insights","publisher":{"@id":"https:\/\/diagnozabam.ro\/sfaturi\/#organization"},"alternateName":"DBAM","potentialAction":[{"@type":"SearchAction","target":{"@type":"EntryPoint","urlTemplate":"https:\/\/diagnozabam.ro\/sfaturi\/?s={search_term_string}"},"query-input":{"@type":"PropertyValueSpecification","valueRequired":true,"valueName":"search_term_string"}}],"inLanguage":"ro-RO"},{"@type":"Organization","@id":"https:\/\/diagnozabam.ro\/sfaturi\/#organization","name":"Diagnoza BAM","alternateName":"DBAM","url":"https:\/\/diagnozabam.ro\/sfaturi\/","logo":{"@type":"ImageObject","inLanguage":"ro-RO","@id":"https:\/\/diagnozabam.ro\/sfaturi\/#\/schema\/logo\/image\/","url":"https:\/\/diagnozabam.ro\/sfaturi\/wp-content\/uploads\/2025\/11\/logo-diagnoza-bam-imagine.webp","contentUrl":"https:\/\/diagnozabam.ro\/sfaturi\/wp-content\/uploads\/2025\/11\/logo-diagnoza-bam-imagine.webp","width":512,"height":512,"caption":"Diagnoza BAM"},"image":{"@id":"https:\/\/diagnozabam.ro\/sfaturi\/#\/schema\/logo\/image\/"},"sameAs":["https:\/\/www.facebook.com\/diagnozabam","https:\/\/mastodon.social\/@diagnozabam","https:\/\/bsky.app\/profile\/did:plc:f4cmgfa3nv33bch7p3wgwchr","https:\/\/www.tumblr.com\/diagbam"],"description":"Independent publishing platform focused on automotive diagnostics, OBD2 analysis, repair cost breakdowns, technology insights and practical technical guides.","email":"redactie@diagnozabam.ro","foundingDate":"2023-02-16"}]}},"lang":"ro","translations":{"ro":19592,"en":20060},"jetpack-related-posts":[{"id":25504,"url":"https:\/\/diagnozabam.ro\/sfaturi\/ro\/despre-diagnozabam\/","url_meta":{"origin":19592,"position":0},"title":"Despre DiagnozaBAM.ro \u2013 publica\u021bie auto &#038; tech independent\u0103","author":"Bejenaru Alexandru Ionut","date":"4 octombrie 2025","format":false,"excerpt":"DiagnozaBAM.ro este o publica\u021bie online independent\u0103 din Rom\u00e2nia, dedicat\u0103 analizei tehnice, \u0219tirilor \u0219i tendin\u021belor din domeniul auto \u0219i tehnologic.Sec\u021biunea activ\u0103 a platformei, diagnozabam.ro\/sfaturi, func\u021bioneaz\u0103 ca un hub editorial \u00een care sunt publicate articole explicative, ghiduri detaliate, recenzii \u0219i opinii informate despre evolu\u021bia tehnologiilor moderne. N\u0103scut din pasiune pentru sistemele auto\u2026","rel":"","context":"Articol similar","block_context":{"text":"Articol similar","link":""},"img":{"alt_text":"","src":"","width":0,"height":0},"classes":[]},{"id":25505,"url":"https:\/\/diagnozabam.ro\/sfaturi\/ro\/politica-editoriala-diagnozabam-ro\/","url_meta":{"origin":19592,"position":1},"title":"Politica editorial\u0103 \u2013 DiagnozaBAM.ro","author":"Bejenaru Alexandru Ionut","date":"4 octombrie 2025","format":false,"excerpt":"Publica\u021bia DiagnozaBAM.ro este ghidat\u0103 de principiile transparen\u021bei, corectitudinii \u0219i responsabilit\u0103\u021bii editoriale.Credem c\u0103 informa\u021bia de calitate \u00eenseamn\u0103 nu doar prezentarea corect\u0103 a faptelor, ci \u0219i respectul fa\u021b\u0103 de cititor, fa\u021b\u0103 de adev\u0103r \u0219i fa\u021b\u0103 de munca editorial\u0103. Scopul nostru este s\u0103 oferim publicului articole bazate pe documentare atent\u0103, analiz\u0103 obiectiv\u0103 \u0219i\u2026","rel":"","context":"Articol similar","block_context":{"text":"Articol similar","link":""},"img":{"alt_text":"Logo Diagnoza Bam Imagine","src":"https:\/\/i0.wp.com\/diagnozabam.ro\/sfaturi\/wp-content\/uploads\/2025\/11\/logo_diagnoza_bam_imagine-scaled.webp?resize=350%2C200&ssl=1","width":350,"height":200,"srcset":"https:\/\/i0.wp.com\/diagnozabam.ro\/sfaturi\/wp-content\/uploads\/2025\/11\/logo_diagnoza_bam_imagine-scaled.webp?resize=350%2C200&ssl=1 1x, https:\/\/i0.wp.com\/diagnozabam.ro\/sfaturi\/wp-content\/uploads\/2025\/11\/logo_diagnoza_bam_imagine-scaled.webp?resize=525%2C300&ssl=1 1.5x, https:\/\/i0.wp.com\/diagnozabam.ro\/sfaturi\/wp-content\/uploads\/2025\/11\/logo_diagnoza_bam_imagine-scaled.webp?resize=700%2C400&ssl=1 2x, https:\/\/i0.wp.com\/diagnozabam.ro\/sfaturi\/wp-content\/uploads\/2025\/11\/logo_diagnoza_bam_imagine-scaled.webp?resize=1050%2C600&ssl=1 3x, https:\/\/i0.wp.com\/diagnozabam.ro\/sfaturi\/wp-content\/uploads\/2025\/11\/logo_diagnoza_bam_imagine-scaled.webp?resize=1400%2C800&ssl=1 4x"},"classes":[]},{"id":854,"url":"https:\/\/diagnozabam.ro\/sfaturi\/ro\/politica-de-confidentialitate-2\/","url_meta":{"origin":19592,"position":2},"title":"POLITICA DE CONFIDENTIALITATE","author":"Bejenaru Alexandru Ionut","date":"25 iulie 2023","format":false,"excerpt":"Politica de Confiden\u021bialitate Aceast\u0103 politic\u0103 descrie modul \u00een care colect\u0103m, utiliz\u0103m \u0219i protej\u0103m datele dvs. cu caracter personal, precum \u0219i drepturile pe care le ave\u021bi \u00een conformitate cu Regulamentul (UE) 2016\/679 (GDPR) \u0219i Legea nr. 190\/2018 privind m\u0103suri de punere \u00een aplicare a Regulamentului. 1. Defini\u021bii Date cu caracter personal\u2026","rel":"","context":"Articol similar","block_context":{"text":"Articol similar","link":""},"img":{"alt_text":"","src":"","width":0,"height":0},"classes":[]},{"id":851,"url":"https:\/\/diagnozabam.ro\/sfaturi\/ro\/politica-de-confidentialitate\/","url_meta":{"origin":19592,"position":3},"title":"Politic\u0103 de confiden\u021bialitate","author":"Bejenaru Alexandru Ionut","date":"24 iulie 2023","format":false,"excerpt":"Cine suntem Adresa site-ului nostru web este: https:\/\/diagnozabam.ro\/sfaturi. Comentarii C\u00e2nd vizitatorii las\u0103 comentarii pe site, colect\u0103m datele ar\u0103tate \u00een formularele de comentarii, dar \u0219i adresa IP a vizitatorului \u0219i \u0219irul agen\u021bilor utilizator din navigator pentru a ne ajuta la detectarea spamului. Un \u0219ir f\u0103cut anonim (numit \u0219i un hash), creat\u2026","rel":"","context":"Articol similar","block_context":{"text":"Articol similar","link":""},"img":{"alt_text":"","src":"","width":0,"height":0},"classes":[]},{"id":38563,"url":"https:\/\/diagnozabam.ro\/sfaturi\/ro\/contact\/","url_meta":{"origin":19592,"position":4},"title":"Contact DiagnozaBAM.ro","author":"Bejenaru Alexandru Ionut","date":"10 februarie 2026","format":false,"excerpt":"For editorial inquiries, content corrections, feedback, or general communication, please use the contact details below. Editorial Contact Email: redactie@diagnozabam.ro Responsible Editor Bejenaru Alexandru-IonutEditorial Coordinator \u2013 DiagnozaBAM.ro Official Website https:\/\/diagnozabam.ro Optional Contact Form You may also use the contact form below to send your message directly to the editorial team. \u00a9\u2026","rel":"","context":"Articol similar","block_context":{"text":"Articol similar","link":""},"img":{"alt_text":"","src":"","width":0,"height":0},"classes":[]},{"id":14510,"url":"https:\/\/diagnozabam.ro\/sfaturi\/ro\/coduri-eroare-auto-explicatii-obd2-pe-marci\/","url_meta":{"origin":19592,"position":5},"title":"Coduri eroare auto \u2013 Explica\u021bii OBD2 pe m\u0103rci","author":"Bejenaru Alexandru Ionut","date":"1 aprilie 2025","format":false,"excerpt":"Afl\u0103 semnifica\u021bia codurilor de eroare auto OBD2 pentru Opel, VW, Ford, Dacia, BMW \u0219i alte m\u0103rci. Ghid complet cu explica\u021bii \u0219i solu\u021bii pe categorii.","rel":"","context":"Articol similar","block_context":{"text":"Articol similar","link":""},"img":{"alt_text":"Coduri eroare auto \u2013 Explica\u021bii OBD2 pe m\u0103rci","src":"https:\/\/i0.wp.com\/diagnozabam.ro\/sfaturi\/wp-content\/uploads\/2025\/04\/Coduri-eroare-auto-%E2%80%93-Explicatii-OBD2-pe-marci.webp?resize=350%2C200&ssl=1","width":350,"height":200,"srcset":"https:\/\/i0.wp.com\/diagnozabam.ro\/sfaturi\/wp-content\/uploads\/2025\/04\/Coduri-eroare-auto-%E2%80%93-Explicatii-OBD2-pe-marci.webp?resize=350%2C200&ssl=1 1x, https:\/\/i0.wp.com\/diagnozabam.ro\/sfaturi\/wp-content\/uploads\/2025\/04\/Coduri-eroare-auto-%E2%80%93-Explicatii-OBD2-pe-marci.webp?resize=525%2C300&ssl=1 1.5x, https:\/\/i0.wp.com\/diagnozabam.ro\/sfaturi\/wp-content\/uploads\/2025\/04\/Coduri-eroare-auto-%E2%80%93-Explicatii-OBD2-pe-marci.webp?resize=700%2C400&ssl=1 2x"},"classes":[]}],"jetpack_likes_enabled":true,"jetpack_shortlink":"https:\/\/wp.me\/Pf97go-560","jetpack_sharing_enabled":true,"pll_sync_post":[],"_links":{"self":[{"href":"https:\/\/diagnozabam.ro\/sfaturi\/wp-json\/wp\/v2\/pages\/19592","targetHints":{"allow":["GET"]}}],"collection":[{"href":"https:\/\/diagnozabam.ro\/sfaturi\/wp-json\/wp\/v2\/pages"}],"about":[{"href":"https:\/\/diagnozabam.ro\/sfaturi\/wp-json\/wp\/v2\/types\/page"}],"author":[{"embeddable":true,"href":"https:\/\/diagnozabam.ro\/sfaturi\/wp-json\/wp\/v2\/users\/1"}],"replies":[{"embeddable":true,"href":"https:\/\/diagnozabam.ro\/sfaturi\/wp-json\/wp\/v2\/comments?post=19592"}],"version-history":[{"count":5,"href":"https:\/\/diagnozabam.ro\/sfaturi\/wp-json\/wp\/v2\/pages\/19592\/revisions"}],"predecessor-version":[{"id":38558,"href":"https:\/\/diagnozabam.ro\/sfaturi\/wp-json\/wp\/v2\/pages\/19592\/revisions\/38558"}],"wp:attachment":[{"href":"https:\/\/diagnozabam.ro\/sfaturi\/wp-json\/wp\/v2\/media?parent=19592"}],"curies":[{"name":"wp","href":"https:\/\/api.w.org\/{rel}","templated":true}]}}