{"id":38563,"date":"2026-02-10T09:24:25","date_gmt":"2026-02-10T07:24:25","guid":{"rendered":"https:\/\/diagnozabam.ro\/sfaturi\/?page_id=38563"},"modified":"2026-02-10T09:25:27","modified_gmt":"2026-02-10T07:25:27","slug":"contact","status":"publish","type":"page","link":"https:\/\/diagnozabam.ro\/sfaturi\/ro\/contact\/","title":{"rendered":"Contact DiagnozaBAM.ro"},"content":{"rendered":"<p data-start=\"177\" data-end=\"296\">For editorial inquiries, content corrections, feedback, or general communication, please use the contact details below.<\/p>\n<hr data-start=\"298\" data-end=\"301\" \/>\n<h2 data-start=\"303\" data-end=\"323\">Editorial Contact<\/h2>\n<p data-start=\"325\" data-end=\"359\"><strong data-start=\"325\" data-end=\"335\">Email:<\/strong> <a class=\"decorated-link cursor-pointer\" rel=\"noopener\" data-start=\"336\" data-end=\"359\">redactie@diagnozabam.ro<\/a><\/p>\n<hr data-start=\"361\" data-end=\"364\" \/>\n<h2 data-start=\"366\" data-end=\"387\">Responsible Editor<\/h2>\n<p data-start=\"389\" data-end=\"458\"><strong data-start=\"389\" data-end=\"417\">Bejenaru Alexandru-Ionut<\/strong><br data-start=\"417\" data-end=\"420\" \/>Editorial Coordinator \u2013 DiagnozaBAM.ro<\/p>\n<hr data-start=\"460\" data-end=\"463\" \/>\n<h2 data-start=\"465\" data-end=\"484\">Official Website<\/h2>\n<p data-start=\"486\" data-end=\"508\"><a class=\"decorated-link\" href=\"https:\/\/diagnozabam.ro\" target=\"_new\" rel=\"noopener\" data-start=\"486\" data-end=\"508\">https:\/\/diagnozabam.ro<\/a><\/p>\n<hr data-start=\"510\" data-end=\"513\" \/>\n<h3 data-start=\"515\" data-end=\"540\">Optional Contact Form<\/h3>\n<p data-start=\"541\" data-end=\"633\">You may also use the contact form below to send your message directly to the editorial team.<\/p>\n<hr data-start=\"635\" data-end=\"638\" \/>\n<p data-start=\"640\" data-end=\"706\">\u00a9 DiagnozaBAM.ro \u2013 Independent Automotive &amp; Technology Publication<\/p>\n","protected":false},"excerpt":{"rendered":"<p>For editorial inquiries, content corrections, feedback, or general communication, please use the contact details below. Editorial Contact Email: redactie@diagnozabam.ro Responsible Editor Bejenaru Alexandru-IonutEditorial Coordinator \u2013 DiagnozaBAM.ro Official Website https:\/\/diagnozabam.ro Optional Contact Form You may also use the contact form below to send your message directly to the editorial team. \u00a9 DiagnozaBAM.ro \u2013 Independent Automotive &amp; [&hellip;]<\/p>\n","protected":false},"author":1,"featured_media":0,"parent":0,"menu_order":0,"comment_status":"closed","ping_status":"closed","template":"","meta":{"_sitemap_exclude":false,"_sitemap_priority":"","_sitemap_frequency":"","footnotes":""},"class_list":["post-38563","page","type-page","status-publish","hentry"],"yoast_head":"<!-- This site is optimized with the Yoast SEO Premium plugin v26.2 (Yoast SEO v27.4) - https:\/\/yoast.com\/product\/yoast-seo-premium-wordpress\/ -->\n<title>Contact DiagnozaBAM.ro - Diagnoza BAM<\/title>\n<meta name=\"robots\" content=\"index, follow, max-snippet:-1, max-image-preview:large, max-video-preview:-1\" \/>\n<link rel=\"canonical\" href=\"https:\/\/diagnozabam.ro\/sfaturi\/ro\/contact\/\" \/>\n<meta property=\"og:locale\" content=\"ro_RO\" \/>\n<meta property=\"og:type\" content=\"article\" \/>\n<meta property=\"og:title\" content=\"Contact DiagnozaBAM.ro\" \/>\n<meta property=\"og:description\" content=\"For editorial inquiries, content corrections, feedback, or general communication, please use the contact details below. Editorial Contact Email: redactie@diagnozabam.ro Responsible Editor Bejenaru Alexandru-IonutEditorial Coordinator \u2013 DiagnozaBAM.ro Official Website https:\/\/diagnozabam.ro Optional Contact Form You may also use the contact form below to send your message directly to the editorial team. \u00a9 DiagnozaBAM.ro \u2013 Independent Automotive &amp; [&hellip;]\" \/>\n<meta property=\"og:url\" content=\"https:\/\/diagnozabam.ro\/sfaturi\/ro\/contact\/\" \/>\n<meta property=\"og:site_name\" content=\"Diagnoza BAM\" \/>\n<meta property=\"article:publisher\" content=\"https:\/\/www.facebook.com\/diagnozabam\" \/>\n<meta property=\"article:modified_time\" content=\"2026-02-10T07:25:27+00:00\" \/>\n<meta property=\"og:image\" content=\"https:\/\/diagnozabam.ro\/sfaturi\/wp-content\/uploads\/2025\/11\/logo_diagnoza_bam_imagine-scaled.webp\" \/>\n\t<meta property=\"og:image:width\" content=\"2560\" \/>\n\t<meta property=\"og:image:height\" content=\"2560\" \/>\n\t<meta property=\"og:image:type\" content=\"image\/png\" \/>\n<meta name=\"twitter:card\" content=\"summary_large_image\" \/>\n<meta name=\"twitter:label1\" content=\"Timp estimat pentru citire\" \/>\n\t<meta name=\"twitter:data1\" content=\"1 minut\" \/>\n<script type=\"application\/ld+json\" class=\"yoast-schema-graph\">{\"@context\":\"https:\\\/\\\/schema.org\",\"@graph\":[{\"@type\":\"WebPage\",\"@id\":\"https:\\\/\\\/diagnozabam.ro\\\/sfaturi\\\/ro\\\/contact\\\/\",\"url\":\"https:\\\/\\\/diagnozabam.ro\\\/sfaturi\\\/ro\\\/contact\\\/\",\"name\":\"Contact DiagnozaBAM.ro - Diagnoza BAM\",\"isPartOf\":{\"@id\":\"https:\\\/\\\/diagnozabam.ro\\\/sfaturi\\\/#website\"},\"datePublished\":\"2026-02-10T07:24:25+00:00\",\"dateModified\":\"2026-02-10T07:25:27+00:00\",\"breadcrumb\":{\"@id\":\"https:\\\/\\\/diagnozabam.ro\\\/sfaturi\\\/ro\\\/contact\\\/#breadcrumb\"},\"inLanguage\":\"ro-RO\",\"potentialAction\":[{\"@type\":\"ReadAction\",\"target\":[\"https:\\\/\\\/diagnozabam.ro\\\/sfaturi\\\/ro\\\/contact\\\/\"]}]},{\"@type\":\"BreadcrumbList\",\"@id\":\"https:\\\/\\\/diagnozabam.ro\\\/sfaturi\\\/ro\\\/contact\\\/#breadcrumb\",\"itemListElement\":[{\"@type\":\"ListItem\",\"position\":1,\"name\":\"Home\",\"item\":\"https:\\\/\\\/diagnozabam.ro\\\/sfaturi\\\/\"},{\"@type\":\"ListItem\",\"position\":2,\"name\":\"Contact DiagnozaBAM.ro\"}]},{\"@type\":\"WebSite\",\"@id\":\"https:\\\/\\\/diagnozabam.ro\\\/sfaturi\\\/#website\",\"url\":\"https:\\\/\\\/diagnozabam.ro\\\/sfaturi\\\/\",\"name\":\"Diagnoza BAM\",\"description\":\"Independent Auto Diagnostics, Tech Analysis and Smart Insights\",\"publisher\":{\"@id\":\"https:\\\/\\\/diagnozabam.ro\\\/sfaturi\\\/#organization\"},\"alternateName\":\"DBAM\",\"potentialAction\":[{\"@type\":\"SearchAction\",\"target\":{\"@type\":\"EntryPoint\",\"urlTemplate\":\"https:\\\/\\\/diagnozabam.ro\\\/sfaturi\\\/?s={search_term_string}\"},\"query-input\":{\"@type\":\"PropertyValueSpecification\",\"valueRequired\":true,\"valueName\":\"search_term_string\"}}],\"inLanguage\":\"ro-RO\"},{\"@type\":\"Organization\",\"@id\":\"https:\\\/\\\/diagnozabam.ro\\\/sfaturi\\\/#organization\",\"name\":\"Diagnoza BAM\",\"alternateName\":\"DBAM\",\"url\":\"https:\\\/\\\/diagnozabam.ro\\\/sfaturi\\\/\",\"logo\":{\"@type\":\"ImageObject\",\"inLanguage\":\"ro-RO\",\"@id\":\"https:\\\/\\\/diagnozabam.ro\\\/sfaturi\\\/#\\\/schema\\\/logo\\\/image\\\/\",\"url\":\"https:\\\/\\\/diagnozabam.ro\\\/sfaturi\\\/wp-content\\\/uploads\\\/2025\\\/11\\\/logo-diagnoza-bam-imagine.webp\",\"contentUrl\":\"https:\\\/\\\/diagnozabam.ro\\\/sfaturi\\\/wp-content\\\/uploads\\\/2025\\\/11\\\/logo-diagnoza-bam-imagine.webp\",\"width\":512,\"height\":512,\"caption\":\"Diagnoza BAM\"},\"image\":{\"@id\":\"https:\\\/\\\/diagnozabam.ro\\\/sfaturi\\\/#\\\/schema\\\/logo\\\/image\\\/\"},\"sameAs\":[\"https:\\\/\\\/www.facebook.com\\\/diagnozabam\",\"https:\\\/\\\/mastodon.social\\\/@diagnozabam\",\"https:\\\/\\\/bsky.app\\\/profile\\\/did:plc:f4cmgfa3nv33bch7p3wgwchr\",\"https:\\\/\\\/www.tumblr.com\\\/diagbam\"],\"description\":\"Independent publishing platform focused on automotive diagnostics, OBD2 analysis, repair cost breakdowns, technology insights and practical technical guides.\",\"email\":\"redactie@diagnozabam.ro\",\"foundingDate\":\"2023-02-16\"}]}<\/script>\n<!-- \/ Yoast SEO Premium plugin. -->","yoast_head_json":{"title":"Contact DiagnozaBAM.ro - Diagnoza BAM","robots":{"index":"index","follow":"follow","max-snippet":"max-snippet:-1","max-image-preview":"max-image-preview:large","max-video-preview":"max-video-preview:-1"},"canonical":"https:\/\/diagnozabam.ro\/sfaturi\/ro\/contact\/","og_locale":"ro_RO","og_type":"article","og_title":"Contact DiagnozaBAM.ro","og_description":"For editorial inquiries, content corrections, feedback, or general communication, please use the contact details below. Editorial Contact Email: redactie@diagnozabam.ro Responsible Editor Bejenaru Alexandru-IonutEditorial Coordinator \u2013 DiagnozaBAM.ro Official Website https:\/\/diagnozabam.ro Optional Contact Form You may also use the contact form below to send your message directly to the editorial team. \u00a9 DiagnozaBAM.ro \u2013 Independent Automotive &amp; [&hellip;]","og_url":"https:\/\/diagnozabam.ro\/sfaturi\/ro\/contact\/","og_site_name":"Diagnoza BAM","article_publisher":"https:\/\/www.facebook.com\/diagnozabam","article_modified_time":"2026-02-10T07:25:27+00:00","og_image":[{"width":2560,"height":2560,"url":"https:\/\/diagnozabam.ro\/sfaturi\/wp-content\/uploads\/2025\/11\/logo_diagnoza_bam_imagine-scaled.webp","type":"image\/png"}],"twitter_card":"summary_large_image","twitter_misc":{"Timp estimat pentru citire":"1 minut"},"schema":{"@context":"https:\/\/schema.org","@graph":[{"@type":"WebPage","@id":"https:\/\/diagnozabam.ro\/sfaturi\/ro\/contact\/","url":"https:\/\/diagnozabam.ro\/sfaturi\/ro\/contact\/","name":"Contact DiagnozaBAM.ro - Diagnoza BAM","isPartOf":{"@id":"https:\/\/diagnozabam.ro\/sfaturi\/#website"},"datePublished":"2026-02-10T07:24:25+00:00","dateModified":"2026-02-10T07:25:27+00:00","breadcrumb":{"@id":"https:\/\/diagnozabam.ro\/sfaturi\/ro\/contact\/#breadcrumb"},"inLanguage":"ro-RO","potentialAction":[{"@type":"ReadAction","target":["https:\/\/diagnozabam.ro\/sfaturi\/ro\/contact\/"]}]},{"@type":"BreadcrumbList","@id":"https:\/\/diagnozabam.ro\/sfaturi\/ro\/contact\/#breadcrumb","itemListElement":[{"@type":"ListItem","position":1,"name":"Home","item":"https:\/\/diagnozabam.ro\/sfaturi\/"},{"@type":"ListItem","position":2,"name":"Contact DiagnozaBAM.ro"}]},{"@type":"WebSite","@id":"https:\/\/diagnozabam.ro\/sfaturi\/#website","url":"https:\/\/diagnozabam.ro\/sfaturi\/","name":"Diagnoza BAM","description":"Independent Auto Diagnostics, Tech Analysis and Smart Insights","publisher":{"@id":"https:\/\/diagnozabam.ro\/sfaturi\/#organization"},"alternateName":"DBAM","potentialAction":[{"@type":"SearchAction","target":{"@type":"EntryPoint","urlTemplate":"https:\/\/diagnozabam.ro\/sfaturi\/?s={search_term_string}"},"query-input":{"@type":"PropertyValueSpecification","valueRequired":true,"valueName":"search_term_string"}}],"inLanguage":"ro-RO"},{"@type":"Organization","@id":"https:\/\/diagnozabam.ro\/sfaturi\/#organization","name":"Diagnoza BAM","alternateName":"DBAM","url":"https:\/\/diagnozabam.ro\/sfaturi\/","logo":{"@type":"ImageObject","inLanguage":"ro-RO","@id":"https:\/\/diagnozabam.ro\/sfaturi\/#\/schema\/logo\/image\/","url":"https:\/\/diagnozabam.ro\/sfaturi\/wp-content\/uploads\/2025\/11\/logo-diagnoza-bam-imagine.webp","contentUrl":"https:\/\/diagnozabam.ro\/sfaturi\/wp-content\/uploads\/2025\/11\/logo-diagnoza-bam-imagine.webp","width":512,"height":512,"caption":"Diagnoza BAM"},"image":{"@id":"https:\/\/diagnozabam.ro\/sfaturi\/#\/schema\/logo\/image\/"},"sameAs":["https:\/\/www.facebook.com\/diagnozabam","https:\/\/mastodon.social\/@diagnozabam","https:\/\/bsky.app\/profile\/did:plc:f4cmgfa3nv33bch7p3wgwchr","https:\/\/www.tumblr.com\/diagbam"],"description":"Independent publishing platform focused on automotive diagnostics, OBD2 analysis, repair cost breakdowns, technology insights and practical technical guides.","email":"redactie@diagnozabam.ro","foundingDate":"2023-02-16"}]}},"lang":"ro","translations":{"ro":38563},"jetpack-related-posts":[{"id":19592,"url":"https:\/\/diagnozabam.ro\/sfaturi\/ro\/despre-noi\/","url_meta":{"origin":38563,"position":0},"title":"Despre autor \u2013 Bejenaru Alexandru Ionu\u021b","author":"Bejenaru Alexandru Ionut","date":"3 iunie 2025","format":false,"excerpt":"Bejenaru Alexandru Ionu\u021b este autor \u0219i coordonator editorial al publica\u021biei online DiagnozaBAM.ro, specializat\u0103 \u00een analiz\u0103 tehnic\u0103 auto, diagnoz\u0103 electronic\u0103 \u0219i tehnologii emergente din domeniul mobilit\u0103\u021bii \u0219i IT. Proiectul DiagnozaBAM.ro a fost creat din necesitatea de a oferi explica\u021bii clare, aplicate \u0219i u\u0219or de \u00een\u021beles pentru sisteme auto moderne \u0219i tehnologii\u2026","rel":"","context":"Articol similar","block_context":{"text":"Articol similar","link":""},"img":{"alt_text":"","src":"","width":0,"height":0},"classes":[]},{"id":25505,"url":"https:\/\/diagnozabam.ro\/sfaturi\/ro\/politica-editoriala-diagnozabam-ro\/","url_meta":{"origin":38563,"position":1},"title":"Politica editorial\u0103 \u2013 DiagnozaBAM.ro","author":"Bejenaru Alexandru Ionut","date":"4 octombrie 2025","format":false,"excerpt":"Publica\u021bia DiagnozaBAM.ro este ghidat\u0103 de principiile transparen\u021bei, corectitudinii \u0219i responsabilit\u0103\u021bii editoriale.Credem c\u0103 informa\u021bia de calitate \u00eenseamn\u0103 nu doar prezentarea corect\u0103 a faptelor, ci \u0219i respectul fa\u021b\u0103 de cititor, fa\u021b\u0103 de adev\u0103r \u0219i fa\u021b\u0103 de munca editorial\u0103. Scopul nostru este s\u0103 oferim publicului articole bazate pe documentare atent\u0103, analiz\u0103 obiectiv\u0103 \u0219i\u2026","rel":"","context":"Articol similar","block_context":{"text":"Articol similar","link":""},"img":{"alt_text":"Logo Diagnoza Bam Imagine","src":"https:\/\/i0.wp.com\/diagnozabam.ro\/sfaturi\/wp-content\/uploads\/2025\/11\/logo_diagnoza_bam_imagine-scaled.webp?resize=350%2C200&ssl=1","width":350,"height":200,"srcset":"https:\/\/i0.wp.com\/diagnozabam.ro\/sfaturi\/wp-content\/uploads\/2025\/11\/logo_diagnoza_bam_imagine-scaled.webp?resize=350%2C200&ssl=1 1x, https:\/\/i0.wp.com\/diagnozabam.ro\/sfaturi\/wp-content\/uploads\/2025\/11\/logo_diagnoza_bam_imagine-scaled.webp?resize=525%2C300&ssl=1 1.5x, https:\/\/i0.wp.com\/diagnozabam.ro\/sfaturi\/wp-content\/uploads\/2025\/11\/logo_diagnoza_bam_imagine-scaled.webp?resize=700%2C400&ssl=1 2x, https:\/\/i0.wp.com\/diagnozabam.ro\/sfaturi\/wp-content\/uploads\/2025\/11\/logo_diagnoza_bam_imagine-scaled.webp?resize=1050%2C600&ssl=1 3x, https:\/\/i0.wp.com\/diagnozabam.ro\/sfaturi\/wp-content\/uploads\/2025\/11\/logo_diagnoza_bam_imagine-scaled.webp?resize=1400%2C800&ssl=1 4x"},"classes":[]},{"id":25504,"url":"https:\/\/diagnozabam.ro\/sfaturi\/ro\/despre-diagnozabam\/","url_meta":{"origin":38563,"position":2},"title":"Despre DiagnozaBAM.ro \u2013 publica\u021bie auto &#038; tech independent\u0103","author":"Bejenaru Alexandru Ionut","date":"4 octombrie 2025","format":false,"excerpt":"DiagnozaBAM.ro este o publica\u021bie online independent\u0103 din Rom\u00e2nia, dedicat\u0103 analizei tehnice, \u0219tirilor \u0219i tendin\u021belor din domeniul auto \u0219i tehnologic.Sec\u021biunea activ\u0103 a platformei, diagnozabam.ro\/sfaturi, func\u021bioneaz\u0103 ca un hub editorial \u00een care sunt publicate articole explicative, ghiduri detaliate, recenzii \u0219i opinii informate despre evolu\u021bia tehnologiilor moderne. N\u0103scut din pasiune pentru sistemele auto\u2026","rel":"","context":"Articol similar","block_context":{"text":"Articol similar","link":""},"img":{"alt_text":"","src":"","width":0,"height":0},"classes":[]},{"id":14461,"url":"https:\/\/diagnozabam.ro\/sfaturi\/ro\/coduri-eroare-auto-explicatii-obd2-pe-marci\/coduri-eroare-opel\/","url_meta":{"origin":38563,"position":3},"title":"Coduri eroare Opel \u2013 Explica\u021bii \u0219i solu\u021bii","author":"Bejenaru Alexandru Ionut","date":"31 martie 2025","format":false,"excerpt":"## \ud83d\udd27 Coduri eroare Opel \u2013 Ghid complet Ai ap\u0103rut un cod de eroare pe bord? Aici g\u0103se\u0219ti semnifica\u021bia celor mai frecvente coduri OBD2 pentru Opel: Astra, Corsa, Zafira, Insignia, Meriva \u0219i altele. ### \ud83e\udde0 Ce \u00eenseamn\u0103 un cod de eroare OBD2? Codurile \u00eencep cu litere precum `P`, `U`, `C`\u2026","rel":"","context":"Articol similar","block_context":{"text":"Articol similar","link":""},"img":{"alt_text":"Coduri eroare Opel \u2013 lista complet\u0103 OBD2","src":"https:\/\/i0.wp.com\/diagnozabam.ro\/sfaturi\/wp-content\/uploads\/2025\/03\/Coduri-eroare-Opel-%E2%80%93-lista-completa-OBD2.webp?resize=350%2C200&ssl=1","width":350,"height":200,"srcset":"https:\/\/i0.wp.com\/diagnozabam.ro\/sfaturi\/wp-content\/uploads\/2025\/03\/Coduri-eroare-Opel-%E2%80%93-lista-completa-OBD2.webp?resize=350%2C200&ssl=1 1x, https:\/\/i0.wp.com\/diagnozabam.ro\/sfaturi\/wp-content\/uploads\/2025\/03\/Coduri-eroare-Opel-%E2%80%93-lista-completa-OBD2.webp?resize=525%2C300&ssl=1 1.5x, https:\/\/i0.wp.com\/diagnozabam.ro\/sfaturi\/wp-content\/uploads\/2025\/03\/Coduri-eroare-Opel-%E2%80%93-lista-completa-OBD2.webp?resize=700%2C400&ssl=1 2x"},"classes":[]},{"id":14523,"url":"https:\/\/diagnozabam.ro\/sfaturi\/ro\/coduri-eroare-auto-explicatii-obd2-pe-marci\/coduri-eroare-vw-explicatii-obd2-complete\/","url_meta":{"origin":38563,"position":4},"title":"Coduri eroare VW \u2013 explica\u021bii OBD2 complete","author":"Bejenaru Alexandru Ionut","date":"1 aprilie 2025","format":false,"excerpt":"\ud83d\ude99 Coduri eroare VW \/ Audi \/ Skoda \/ Seat \u2013 Ghid complet Ai o ma\u0219in\u0103 din grupul VAG \u0219i \u021bi-a ap\u0103rut un cod de eroare pe bord? Fie c\u0103 ai un VW Golf, un Audi A3, un Skoda Octavia sau un Seat Leon, codurile OBD2 sunt similare \u0219i te\u2026","rel":"","context":"Articol similar","block_context":{"text":"Articol similar","link":""},"img":{"alt_text":"Coduri eroare VW \u2013 explica\u021bii OBD2 complete","src":"https:\/\/i0.wp.com\/diagnozabam.ro\/sfaturi\/wp-content\/uploads\/2025\/04\/Coduri-eroare-VW-%E2%80%93-explicatii-OBD2-complete.webp?resize=350%2C200&ssl=1","width":350,"height":200,"srcset":"https:\/\/i0.wp.com\/diagnozabam.ro\/sfaturi\/wp-content\/uploads\/2025\/04\/Coduri-eroare-VW-%E2%80%93-explicatii-OBD2-complete.webp?resize=350%2C200&ssl=1 1x, https:\/\/i0.wp.com\/diagnozabam.ro\/sfaturi\/wp-content\/uploads\/2025\/04\/Coduri-eroare-VW-%E2%80%93-explicatii-OBD2-complete.webp?resize=525%2C300&ssl=1 1.5x, https:\/\/i0.wp.com\/diagnozabam.ro\/sfaturi\/wp-content\/uploads\/2025\/04\/Coduri-eroare-VW-%E2%80%93-explicatii-OBD2-complete.webp?resize=700%2C400&ssl=1 2x, https:\/\/i0.wp.com\/diagnozabam.ro\/sfaturi\/wp-content\/uploads\/2025\/04\/Coduri-eroare-VW-%E2%80%93-explicatii-OBD2-complete.webp?resize=1050%2C600&ssl=1 3x, https:\/\/i0.wp.com\/diagnozabam.ro\/sfaturi\/wp-content\/uploads\/2025\/04\/Coduri-eroare-VW-%E2%80%93-explicatii-OBD2-complete.webp?resize=1400%2C800&ssl=1 4x"},"classes":[]},{"id":31525,"url":"https:\/\/diagnozabam.ro\/sfaturi\/ro\/cart\/","url_meta":{"origin":38563,"position":5},"title":"Cart","author":"Bejenaru Alexandru Ionut","date":"26 noiembrie 2025","format":false,"excerpt":"[woocommerce_cart]","rel":"","context":"Articol similar","block_context":{"text":"Articol similar","link":""},"img":{"alt_text":"","src":"","width":0,"height":0},"classes":[]}],"jetpack_likes_enabled":true,"jetpack_shortlink":"https:\/\/wp.me\/Pf97go-a1Z","jetpack_sharing_enabled":true,"pll_sync_post":[],"_links":{"self":[{"href":"https:\/\/diagnozabam.ro\/sfaturi\/wp-json\/wp\/v2\/pages\/38563","targetHints":{"allow":["GET"]}}],"collection":[{"href":"https:\/\/diagnozabam.ro\/sfaturi\/wp-json\/wp\/v2\/pages"}],"about":[{"href":"https:\/\/diagnozabam.ro\/sfaturi\/wp-json\/wp\/v2\/types\/page"}],"author":[{"embeddable":true,"href":"https:\/\/diagnozabam.ro\/sfaturi\/wp-json\/wp\/v2\/users\/1"}],"replies":[{"embeddable":true,"href":"https:\/\/diagnozabam.ro\/sfaturi\/wp-json\/wp\/v2\/comments?post=38563"}],"version-history":[{"count":1,"href":"https:\/\/diagnozabam.ro\/sfaturi\/wp-json\/wp\/v2\/pages\/38563\/revisions"}],"predecessor-version":[{"id":38564,"href":"https:\/\/diagnozabam.ro\/sfaturi\/wp-json\/wp\/v2\/pages\/38563\/revisions\/38564"}],"wp:attachment":[{"href":"https:\/\/diagnozabam.ro\/sfaturi\/wp-json\/wp\/v2\/media?parent=38563"}],"curies":[{"name":"wp","href":"https:\/\/api.w.org\/{rel}","templated":true}]}}